{"id":32,"date":"2024-07-19T15:16:43","date_gmt":"2024-07-19T15:16:43","guid":{"rendered":"https:\/\/jmwarconsultores.es\/?page_id=32"},"modified":"2024-07-20T11:37:22","modified_gmt":"2024-07-20T11:37:22","slug":"nuestros-servicios","status":"publish","type":"page","link":"https:\/\/jmwarconsultores.es\/index.php\/nuestros-servicios\/","title":{"rendered":"Nuestros Servicios"},"content":{"rendered":"\n<div class=\"wp-block-group alignfull has-accent-background-color has-background has-global-padding is-layout-constrained wp-container-core-group-is-layout-669513ed wp-block-group-is-layout-constrained\" style=\"margin-top:0;margin-bottom:0;padding-top:var(--wp--preset--spacing--50);padding-right:var(--wp--preset--spacing--50);padding-bottom:var(--wp--preset--spacing--50);padding-left:var(--wp--preset--spacing--50)\">\n<div class=\"wp-block-columns alignwide is-layout-flex wp-container-core-columns-is-layout-549b0c86 wp-block-columns-is-layout-flex\">\n<div class=\"wp-block-column is-vertically-aligned-stretch is-layout-flow wp-block-column-is-layout-flow\" style=\"flex-basis:100%\">\n<div class=\"wp-block-group is-vertical is-content-justification-stretch is-layout-flex wp-container-core-group-is-layout-444d5ee8 wp-block-group-is-layout-flex\" style=\"min-height:100%\">\n<p class=\"has-text-align-center has-heading-font-family has-x-large-font-size\" style=\"line-height:1.2\">Nos dedicamos profesionalmente\u00a0asesorar sobre normativas de obligado cumplimiento<\/p>\n<\/div>\n<\/div>\n<\/div>\n<\/div>\n\n\n\n<div class=\"wp-block-group alignfull has-global-padding is-content-justification-center is-layout-constrained wp-container-core-group-is-layout-7e186e53 wp-block-group-is-layout-constrained\" style=\"margin-top:0;margin-bottom:0;padding-top:var(--wp--preset--spacing--30);padding-right:0;padding-bottom:var(--wp--preset--spacing--30);padding-left:0\">\n<div class=\"wp-block-columns alignwide is-layout-flex wp-container-core-columns-is-layout-82d69aab wp-block-columns-is-layout-flex\" style=\"padding-top:var(--wp--preset--spacing--40);padding-bottom:var(--wp--preset--spacing--40)\">\n<div class=\"wp-block-column is-layout-flow wp-block-column-is-layout-flow\" style=\"flex-basis:50%\">\n<div class=\"wp-block-columns are-vertically-aligned-top is-layout-flex wp-container-core-columns-is-layout-28f84493 wp-block-columns-is-layout-flex\">\n<div class=\"wp-block-column is-vertically-aligned-top is-layout-flow wp-block-column-is-layout-flow\" style=\"flex-basis:30%\">\n<figure class=\"wp-block-image size-thumbnail has-custom-border is-style-rounded is-style-rounded--1\"><img loading=\"lazy\" decoding=\"async\" width=\"150\" height=\"150\" src=\"https:\/\/jmwarconsultores.es\/wp-content\/uploads\/2024\/07\/LOGO-NUEVO-REGLAMENTO-EUROPEO-1-150x150.png\" alt=\"\" class=\"wp-image-52\" style=\"border-style:none;border-width:0px;border-radius:100px;object-fit:cover\"\/><\/figure>\n<\/div>\n\n\n\n<div class=\"wp-block-column is-vertically-aligned-top is-layout-flow wp-block-column-is-layout-flow\" style=\"flex-basis:70%\">\n<h2 class=\"wp-block-heading has-text-align-center\">Protecci\u00f3n de Datos<\/h2>\n\n\n\n<p class=\"has-text-align-center\">\u00bfCumples con la Ley de Protecci\u00f3n de Datos?<\/p>\n\n\n\n<p class=\"has-text-align-center\">Te adaptamos a la ultima ley organica de protecci\u00f3n de datos y garant\u00eda de los derechos digitales 3\/2018 del 5 de diciembre.<\/p>\n\n\n\n<p class=\"has-text-align-center\"><strong>INCLUIMOS UNA AUDITORIA DE CIBERSEGURIDAD GRATUITA&nbsp;<\/strong><\/p>\n<\/div>\n<\/div>\n<\/div>\n\n\n\n<div class=\"wp-block-column is-layout-flow wp-block-column-is-layout-flow\" style=\"flex-basis:50%\">\n<div class=\"wp-block-columns is-layout-flex wp-container-core-columns-is-layout-28f84493 wp-block-columns-is-layout-flex\">\n<div class=\"wp-block-column is-layout-flow wp-block-column-is-layout-flow\" style=\"flex-basis:30%\">\n<figure class=\"wp-block-image size-thumbnail has-custom-border is-style-rounded is-style-rounded--2\"><img loading=\"lazy\" decoding=\"async\" width=\"150\" height=\"145\" src=\"https:\/\/jmwarconsultores.es\/wp-content\/uploads\/2024\/07\/IMAGEN-2-150x145.jpg\" alt=\"\" class=\"wp-image-54\" style=\"border-style:none;border-width:0px;border-radius:100px;object-fit:cover\"\/><\/figure>\n<\/div>\n\n\n\n<div class=\"wp-block-column is-layout-flow wp-block-column-is-layout-flow\" style=\"flex-basis:70%\">\n<h2 class=\"wp-block-heading has-text-align-center\">Asesoramiento PRL Modalidad Autogesti\u00f3n<\/h2>\n\n\n\n<p class=\"has-text-align-center\">Ley de Prevenci\u00f3n de Riesgos Laborales 31\/1995<\/p>\n\n\n\n<p class=\"has-text-align-center\">Si re\u00fanes los requisitos, te asesoramos para poder acogerte a esta modalidad.<\/p>\n<\/div>\n<\/div>\n<\/div>\n<\/div>\n\n\n\n<div class=\"wp-block-columns alignwide is-layout-flex wp-container-core-columns-is-layout-56050deb wp-block-columns-is-layout-flex\" style=\"margin-top:0;margin-bottom:0;padding-top:var(--wp--preset--spacing--40);padding-bottom:var(--wp--preset--spacing--40)\">\n<div class=\"wp-block-column is-layout-flow wp-block-column-is-layout-flow\">\n<div class=\"wp-block-columns is-layout-flex wp-container-core-columns-is-layout-28f84493 wp-block-columns-is-layout-flex\">\n<div class=\"wp-block-column is-layout-flow wp-block-column-is-layout-flow\" style=\"flex-basis:33.33%\">\n<figure class=\"wp-block-image size-thumbnail has-custom-border is-style-rounded is-style-rounded--3\"><img loading=\"lazy\" decoding=\"async\" width=\"150\" height=\"150\" src=\"https:\/\/jmwarconsultores.es\/wp-content\/uploads\/2024\/07\/plataformas-cursos-online-150x150.jpg\" alt=\"\" class=\"wp-image-55\" style=\"border-style:none;border-width:0px;border-radius:100px;object-fit:cover\" srcset=\"https:\/\/jmwarconsultores.es\/wp-content\/uploads\/2024\/07\/plataformas-cursos-online-150x150.jpg 150w, https:\/\/jmwarconsultores.es\/wp-content\/uploads\/2024\/07\/plataformas-cursos-online-300x300.jpg 300w, https:\/\/jmwarconsultores.es\/wp-content\/uploads\/2024\/07\/plataformas-cursos-online.jpg 440w\" sizes=\"auto, (max-width: 150px) 100vw, 150px\" \/><\/figure>\n<\/div>\n\n\n\n<div class=\"wp-block-column is-layout-flow wp-block-column-is-layout-flow\" style=\"flex-basis:66.66%\">\n<h2 class=\"wp-block-heading has-text-align-center\">Formaci\u00f3n<\/h2>\n\n\n\n<p class=\"has-text-align-center\">Impartimos y gestionamos formaci\u00f3n\u00a0<\/p>\n<\/div>\n<\/div>\n<\/div>\n\n\n\n<div class=\"wp-block-column is-layout-flow wp-block-column-is-layout-flow\">\n<div class=\"wp-block-columns is-layout-flex wp-container-core-columns-is-layout-28f84493 wp-block-columns-is-layout-flex\">\n<div class=\"wp-block-column is-layout-flow wp-block-column-is-layout-flow\" style=\"flex-basis:33.33%\">\n<figure class=\"wp-block-image size-thumbnail has-custom-border is-style-rounded is-style-rounded--4\"><img loading=\"lazy\" decoding=\"async\" width=\"150\" height=\"150\" src=\"https:\/\/jmwarconsultores.es\/wp-content\/uploads\/2024\/07\/imagesO2QAXHL3-150x150.png\" alt=\"\" class=\"wp-image-56\" style=\"border-style:none;border-width:0px;border-radius:100px;object-fit:cover\" srcset=\"https:\/\/jmwarconsultores.es\/wp-content\/uploads\/2024\/07\/imagesO2QAXHL3-150x150.png 150w, https:\/\/jmwarconsultores.es\/wp-content\/uploads\/2024\/07\/imagesO2QAXHL3.png 196w\" sizes=\"auto, (max-width: 150px) 100vw, 150px\" \/><\/figure>\n<\/div>\n\n\n\n<div class=\"wp-block-column is-layout-flow wp-block-column-is-layout-flow\" style=\"flex-basis:66.66%\">\n<h2 class=\"wp-block-heading has-text-align-center\">Plan de control de Al\u00e9rgenos<\/h2>\n\n\n\n<p class=\"has-text-align-center\">Implantamos\u00a0el plan de control de al\u00e9rgenos (UE) 1169\/2011 para tu empresa, incluyendo el c\u00f3digo\u00a0<strong>QR<\/strong><\/p>\n<\/div>\n<\/div>\n<\/div>\n<\/div>\n<\/div>\n","protected":false},"excerpt":{"rendered":"<p>Nos dedicamos profesionalmente\u00a0asesorar sobre normativas de obligado cumplimiento Protecci\u00f3n de Datos \u00bfCumples con la Ley de Protecci\u00f3n de Datos? Te adaptamos a la ultima ley organica de protecci\u00f3n de datos y garant\u00eda de los derechos digitales 3\/2018 del 5 de diciembre. INCLUIMOS UNA AUDITORIA DE CIBERSEGURIDAD GRATUITA&nbsp; Asesoramiento PRL Modalidad Autogesti\u00f3n Ley de Prevenci\u00f3n de [&hellip;]<\/p>\n","protected":false},"author":1,"featured_media":0,"parent":0,"menu_order":0,"comment_status":"closed","ping_status":"closed","template":"","meta":{"footnotes":""},"class_list":["post-32","page","type-page","status-publish","hentry"],"_links":{"self":[{"href":"https:\/\/jmwarconsultores.es\/index.php\/wp-json\/wp\/v2\/pages\/32","targetHints":{"allow":["GET"]}}],"collection":[{"href":"https:\/\/jmwarconsultores.es\/index.php\/wp-json\/wp\/v2\/pages"}],"about":[{"href":"https:\/\/jmwarconsultores.es\/index.php\/wp-json\/wp\/v2\/types\/page"}],"author":[{"embeddable":true,"href":"https:\/\/jmwarconsultores.es\/index.php\/wp-json\/wp\/v2\/users\/1"}],"replies":[{"embeddable":true,"href":"https:\/\/jmwarconsultores.es\/index.php\/wp-json\/wp\/v2\/comments?post=32"}],"version-history":[{"count":7,"href":"https:\/\/jmwarconsultores.es\/index.php\/wp-json\/wp\/v2\/pages\/32\/revisions"}],"predecessor-version":[{"id":60,"href":"https:\/\/jmwarconsultores.es\/index.php\/wp-json\/wp\/v2\/pages\/32\/revisions\/60"}],"wp:attachment":[{"href":"https:\/\/jmwarconsultores.es\/index.php\/wp-json\/wp\/v2\/media?parent=32"}],"curies":[{"name":"wp","href":"https:\/\/api.w.org\/{rel}","templated":true}]}}