{"id":36,"date":"2024-07-19T15:17:09","date_gmt":"2024-07-19T15:17:09","guid":{"rendered":"https:\/\/jmwarconsultores.es\/?page_id=36"},"modified":"2024-07-20T11:43:39","modified_gmt":"2024-07-20T11:43:39","slug":"contacto","status":"publish","type":"page","link":"https:\/\/jmwarconsultores.es\/index.php\/contacto\/","title":{"rendered":"JM&amp;WAR CONSULTORES"},"content":{"rendered":"\n<p class=\"has-text-align-center has-large-font-size\"><strong>Oficinas Centrales<\/strong><br>Calle Sor Cristina L\u00f3pez Garc\u00eda, 4 C\u00e1diz 11011<\/p>\n\n\n\n<p class=\"has-text-align-center has-large-font-size\"><strong>Delegaci\u00f3n Valencia<br><\/strong>Calle Pintor Domingo, 205 L&#8217;eliana 46183<br>(Valencia)<br><\/p>\n\n\n\n<p class=\"has-text-align-center has-x-large-font-size\">688903713 &#8211; 667052862<\/p>\n\n\n\n<p class=\"has-text-align-center has-x-large-font-size\"><a href=\"mailto:info@jmwarconsultores.es\">info@jmwarconsultores.es<\/a><\/p>\n","protected":false},"excerpt":{"rendered":"<p>Oficinas CentralesCalle Sor Cristina L\u00f3pez Garc\u00eda, 4 C\u00e1diz 11011 Delegaci\u00f3n ValenciaCalle Pintor Domingo, 205 L&#8217;eliana 46183(Valencia) 688903713 &#8211; 667052862 info@jmwarconsultores.es<\/p>\n","protected":false},"author":1,"featured_media":0,"parent":0,"menu_order":0,"comment_status":"closed","ping_status":"closed","template":"","meta":{"footnotes":""},"class_list":["post-36","page","type-page","status-publish","hentry"],"_links":{"self":[{"href":"https:\/\/jmwarconsultores.es\/index.php\/wp-json\/wp\/v2\/pages\/36","targetHints":{"allow":["GET"]}}],"collection":[{"href":"https:\/\/jmwarconsultores.es\/index.php\/wp-json\/wp\/v2\/pages"}],"about":[{"href":"https:\/\/jmwarconsultores.es\/index.php\/wp-json\/wp\/v2\/types\/page"}],"author":[{"embeddable":true,"href":"https:\/\/jmwarconsultores.es\/index.php\/wp-json\/wp\/v2\/users\/1"}],"replies":[{"embeddable":true,"href":"https:\/\/jmwarconsultores.es\/index.php\/wp-json\/wp\/v2\/comments?post=36"}],"version-history":[{"count":4,"href":"https:\/\/jmwarconsultores.es\/index.php\/wp-json\/wp\/v2\/pages\/36\/revisions"}],"predecessor-version":[{"id":68,"href":"https:\/\/jmwarconsultores.es\/index.php\/wp-json\/wp\/v2\/pages\/36\/revisions\/68"}],"wp:attachment":[{"href":"https:\/\/jmwarconsultores.es\/index.php\/wp-json\/wp\/v2\/media?parent=36"}],"curies":[{"name":"wp","href":"https:\/\/api.w.org\/{rel}","templated":true}]}}