{"id":43,"date":"2024-07-20T11:10:25","date_gmt":"2024-07-20T11:10:25","guid":{"rendered":"https:\/\/jmwarconsultores.es\/?page_id=43"},"modified":"2024-07-20T11:10:25","modified_gmt":"2024-07-20T11:10:25","slug":"cookies","status":"publish","type":"page","link":"https:\/\/jmwarconsultores.es\/index.php\/cookies\/","title":{"rendered":"Cookies"},"content":{"rendered":"\n<p><strong>JM&amp;WAR CONSULTORS<\/strong>&nbsp;se reserva el derecho de utilizar cookies en la navegaci\u00f3n del usuario por sus sitios web para facilitar la personalizaci\u00f3n y comodidad de la navegaci\u00f3n. Siguiendo la pol\u00edtica de protecci\u00f3n de datos de la empresa,&nbsp;<strong>JM&amp;WARCONSULTORES<\/strong>&nbsp;informa que las cookies se asocian al usuario an\u00f3nimo ya su ordenador y no proporcionan por s\u00ed mismas ni el nombre ni los apellidos del usuario.<\/p>\n\n\n\n<p>El usuario tiene la posibilidad de configurar su navegador de manera que sea informado de la recepci\u00f3n de cookies, pudiendo, si as\u00ed lo desea, impedir que se instalen en su disco duro. Sin embargo, para acceder a los sitios web de&nbsp;<strong>JM&amp;WAR CONSULTORES<\/strong>&nbsp;no es preceptiva la instalaci\u00f3n de cookies.<\/p>\n","protected":false},"excerpt":{"rendered":"<p>JM&amp;WAR CONSULTORS&nbsp;se reserva el derecho de utilizar cookies en la navegaci\u00f3n del usuario por sus sitios web para facilitar la personalizaci\u00f3n y comodidad de la navegaci\u00f3n. Siguiendo la pol\u00edtica de protecci\u00f3n de datos de la empresa,&nbsp;JM&amp;WARCONSULTORES&nbsp;informa que las cookies se asocian al usuario an\u00f3nimo ya su ordenador y no proporcionan por s\u00ed mismas ni el [&hellip;]<\/p>\n","protected":false},"author":1,"featured_media":0,"parent":0,"menu_order":0,"comment_status":"closed","ping_status":"closed","template":"","meta":{"footnotes":""},"class_list":["post-43","page","type-page","status-publish","hentry"],"_links":{"self":[{"href":"https:\/\/jmwarconsultores.es\/index.php\/wp-json\/wp\/v2\/pages\/43","targetHints":{"allow":["GET"]}}],"collection":[{"href":"https:\/\/jmwarconsultores.es\/index.php\/wp-json\/wp\/v2\/pages"}],"about":[{"href":"https:\/\/jmwarconsultores.es\/index.php\/wp-json\/wp\/v2\/types\/page"}],"author":[{"embeddable":true,"href":"https:\/\/jmwarconsultores.es\/index.php\/wp-json\/wp\/v2\/users\/1"}],"replies":[{"embeddable":true,"href":"https:\/\/jmwarconsultores.es\/index.php\/wp-json\/wp\/v2\/comments?post=43"}],"version-history":[{"count":1,"href":"https:\/\/jmwarconsultores.es\/index.php\/wp-json\/wp\/v2\/pages\/43\/revisions"}],"predecessor-version":[{"id":44,"href":"https:\/\/jmwarconsultores.es\/index.php\/wp-json\/wp\/v2\/pages\/43\/revisions\/44"}],"wp:attachment":[{"href":"https:\/\/jmwarconsultores.es\/index.php\/wp-json\/wp\/v2\/media?parent=43"}],"curies":[{"name":"wp","href":"https:\/\/api.w.org\/{rel}","templated":true}]}}